{"id":125,"date":"2020-01-18T17:08:11","date_gmt":"2020-01-18T16:08:11","guid":{"rendered":"http:\/\/likegirl.de\/?page_id=125"},"modified":"2025-07-09T13:36:56","modified_gmt":"2025-07-09T11:36:56","slug":"webcam","status":"publish","type":"page","link":"https:\/\/likegirl.de\/altersbeschrankung-ab-welchem-alter\/webcam\/","title":{"rendered":"Webcam Frauen"},"content":{"rendered":"<p>[et_pb_section fb_built=&#8220;1&#8243; _builder_version=&#8220;4.16&#8243; background_color=&#8220;#edf000&#8243; global_colors_info=&#8220;{}&#8220;][et_pb_row _builder_version=&#8220;4.16&#8243; global_colors_info=&#8220;{}&#8220;][et_pb_column type=&#8220;4_4&#8243; _builder_version=&#8220;4.16&#8243; global_colors_info=&#8220;{}&#8220;][et_pb_text _builder_version=&#8220;4.16&#8243; global_colors_info=&#8220;{}&#8220;]<\/p>\n<h2 style=\"text-align: center;\">Oder doch lieber Webcam Frauen anschauen?<\/h2>\n<p>[\/et_pb_text][\/et_pb_column][\/et_pb_row][et_pb_row _builder_version=&#8220;4.16&#8243; global_colors_info=&#8220;{}&#8220;][et_pb_column type=&#8220;4_4&#8243; _builder_version=&#8220;4.16&#8243; global_colors_info=&#8220;{}&#8220;][et_pb_code _builder_version=&#8220;4.16&#8243; global_colors_info=&#8220;{}&#8220;]<!-- Global site tag (gtag.js) - Google Analytics --><!-- [et_pb_line_break_holder] --><script src=\"https:\/\/www.googletagmanager.com\/gtag\/js?id=G-V7HZPGDCQS\" async=\"\"><\/script><!-- [et_pb_line_break_holder] --><script><!-- [et_pb_line_break_holder] -->  window.dataLayer = window.dataLayer || [];<!-- [et_pb_line_break_holder] -->  function gtag(){dataLayer.push(arguments);}<!-- [et_pb_line_break_holder] -->  gtag('js', new Date());<!-- [et_pb_line_break_holder] --><!-- [et_pb_line_break_holder] -->  gtag('config', 'G-V7HZPGDCQS');<!-- [et_pb_line_break_holder] --><\/script>[\/et_pb_code][et_pb_code _builder_version=&#8220;4.27.4&#8243; _module_preset=&#8220;default&#8220; hover_enabled=&#8220;0&#8243; global_colors_info=&#8220;{}&#8220; link_option_url_new_window=&#8220;on&#8220; sticky_enabled=&#8220;0&#8243;]<script src='https:\/\/chaturbate.com\/affiliates\/promotools\/popup\/haZET\/popchaturbatehomemales.js' type='text\/javascript'><\/script><!-- [et_pb_line_break_holder] --><a href=\"https:\/\/chaturbate.com\/in\/?tour=hr8m&#038;campaign=haZET&#038;track=default\">Chaturbate.com &#8211; Adult Cams!<\/a><!-- [et_pb_line_break_holder] -->[\/et_pb_code][\/et_pb_column][\/et_pb_row][et_pb_row _builder_version=&#8220;4.27.4&#8243; _module_preset=&#8220;default&#8220; global_colors_info=&#8220;{}&#8220;][et_pb_column type=&#8220;4_4&#8243; _builder_version=&#8220;4.27.4&#8243; _module_preset=&#8220;default&#8220; global_colors_info=&#8220;{}&#8220;][et_pb_code _builder_version=&#8220;4.27.4&#8243; _module_preset=&#8220;default&#8220; global_colors_info=&#8220;{}&#8220;]<iframe src=\"https:\/\/chaturbate.com\/in\/?tour=W5j4&#038;campaign=haZET&#038;track=default&#038;c=20&#038;p=1&#038;gender=x\"><\/iframe>[\/et_pb_code][\/et_pb_column][\/et_pb_row][et_pb_row _builder_version=&#8220;4.16&#8243; global_colors_info=&#8220;{}&#8220;][et_pb_column type=&#8220;4_4&#8243; _builder_version=&#8220;4.16&#8243; global_colors_info=&#8220;{}&#8220;][et_pb_text _builder_version=&#8220;4.16&#8243; global_colors_info=&#8220;{}&#8220;]<\/p>\n<h4 style=\"text-align: center;\">In einem Webcam Sex Chat haben Sie die M\u00f6glichkeit Frauen und M\u00e4dchen &#8211; sogenannte Webcam Girls &#8211; bei hei\u00dfen Sex-Spielen live mit der Webcam zu beobachten und mit ihnen zu kommunizieren. Das besondere an einem solchen Webcam Chat ist aber, dass man diesen sexy Girls sagen darf, was man gerne f\u00fcr erotische Aktionen von ihnen sehen m\u00f6chte. Webcam Girls sind darauf spezialisiert auch die versautesten Sex W\u00fcnsche in ihrem Webcam Chat zu erf\u00fcllen. Das k\u00f6nnte zum Beispiel ein ausgiebiger Fick mit einem Dildo oder auch Analsex live vor der Cam sein. Aber auch spezielle Fetische wie Nylons, Fu\u00dfsex oder Rauchen kommen nicht zu kurz:<\/h4>\n<h4 style=\"text-align: center;\">Und so manches Live Girl schiebt sich vor ihrer Cam sogar zwei dicke Dildos in die rosa Pussy und bekommt davon einen Wahnsinns-Orgasmus &#8211; live im Sex Chat. Durch die Sound-\u00dcbertragung wird dem User dabei sogar erm\u00f6glicht, das geile St\u00f6hnen der M\u00e4dchen zu h\u00f6ren! Wer es noch realer w\u00fcnscht, der kann einen Cam2Cam Chat genie\u00dfen: Beim sogenannten cam2cam Sex werden die meisten Frauen extrem geil, denn Sie k\u00f6nnen beobachten wie der Schwanz des Users bei ihren erotischen Aktionen anschwillt und wie geil er auf die Webcam Show abspritzt. Damit macht cam2cam Sex jeden Webcam Chat zu einem au\u00dferordentlichen intimen und realen Erlebnis. Was also k\u00f6nnte besser und geiler sein als sich eine Webcam Sex Show rein zu ziehenund sich dabei gen\u00fcsslich seinen Schwanz auf die notgeilen Sexcam Girls zu wichsen. Das hat bislang noch jedem Mann gefallen und sicher werden auch Sie von einem sexy Chat mit einem Webcam Girl absolut begeistert sein!<\/h4>\n<p>[\/et_pb_text][et_pb_code _builder_version=&#8220;4.16&#8243; text_orientation=&#8220;center&#8220; global_colors_info=&#8220;{}&#8220;]<iframe loading=\"lazy\" src=\"https:\/\/lexozfldkklgvc.com\/cp\/ifb\/index.php?size=120x600&#038;nichev=20&#038;autoscroll=3000&#038;snp=1&#038;preview=1&#038;dsclr=false&#038;comfrom=990532&#038;cf0=pc2&#038;cf2=&#038;cfsa2=&#038;brand=el&#038;promo=evelive&#038;cf1=\" width=\"120\" height=\"600\" frameborder=\"0\" marginheight=\"0\" marginwidth=\"0\" scrolling=\"no\"><\/iframe>[\/et_pb_code][\/et_pb_column][\/et_pb_row][et_pb_row column_structure=&#8220;1_3,2_3&#8243; _builder_version=&#8220;4.16&#8243; global_colors_info=&#8220;{}&#8220;][et_pb_column type=&#8220;1_3&#8243; _builder_version=&#8220;4.16&#8243; global_colors_info=&#8220;{}&#8220;][et_pb_image src=&#8220;http:\/\/likegirl.de\/wp-content\/uploads\/2020\/01\/f0c90f90903fbf2bcb01d1544b4c414a.jpg&#8220; url=&#8220;https:\/\/bugleczmoidgxo.com\/cp\/text_link\/index.php?ur=aHR0cDovL3d3dy54Y2Ftcy5jb20vY2hhdGZzL3JhbmRvbT9kc2Nscj1mYWxzZSZjb21mcm9tPTk5MDUzMiZjZjI9JmNmc2EyPSZjZjA9cGMyJm9yaWdpbltdPWFzaWFuJnNleFtdPUYmY3VwW109RS1GJnNleFtdPUYmYWdlW109MTgqMjUmc2V4W109Rg%3D%3D&#038;promo=xcams&#038;subid1=&#038;subid2=&#038;brand=xcams&#8220; url_new_window=&#8220;on&#8220; _builder_version=&#8220;4.16&#8243; global_colors_info=&#8220;{}&#8220;][\/et_pb_image][\/et_pb_column][et_pb_column type=&#8220;2_3&#8243; _builder_version=&#8220;4.16&#8243; global_colors_info=&#8220;{}&#8220;][et_pb_text _builder_version=&#8220;4.16&#8243; global_colors_info=&#8220;{}&#8220;]<\/p>\n<h4 style=\"text-align: center;\">Wie nimmt man an einem Webcam Chat teil?<\/h4>\n<h4 style=\"text-align: center;\">Nichts ist einfacher als das: Entscheiden Sie sich einen Anbieter Ihrer Wahl &#8211; eine \u00dcbersicht guter Webcam Chats haben wir exklusiv f\u00fcr Sie zusammengestellt. Legen Sie einen Usernamen an, in der Regel m\u00fcssen Sie noch Ihre Emailadresse best\u00e4tigen. Bei deutschen Anbietern ist anschlie\u00dfend eine Altersverifikation erforderlich, die Sie bequem per Webcam absolvieren k\u00f6nnen. Nun ben\u00f6tigen Sie ein Guthaben &#8211; entscheiden Sie sich f\u00fcr Ihre bevorzugte Zahlungsmethode. Ist das Guthaben Ihrem Usernamen gutgeschrieben, k\u00f6nnen Sie sich in Get\u00fcmmel der Webcam Chats st\u00fcrzen. Sie ben\u00f6tigen \u00fcbrigens keine eigene Webcam daf\u00fcr. W\u00e4hlen Sie den Chat eines Senders, den Sie interessant finden und schreiben Sie &#8222;Hallo&#8220; zur Begr\u00fc\u00dfung &#8211; der Rest ergibt sich. Es ist also wirklich kinderleicht, probieren Sie es unbedingt selbst einmal aus!<\/h4>\n<h4 style=\"text-align: center;\">Frauen aus der ganzen Welt per Webcam treffen<\/h4>\n<h4 style=\"text-align: center;\">In einem Webcam Chat haben Sie die einmalige Gelegenheit, Menschen aus aller Welt kennenlernen zu k\u00f6nnen &#8211; und somit nat\u00fcrlich auch unz\u00e4hlig viele interessante Frauen zu treffen. Es gibt f\u00fcr nahezu jede Vorliebe einen Chatraum: So k\u00f6nnen Sie Webcam Sex mit schwarzen Frauen aus Afrika, sexy Flirts mit Latinas aus S\u00fcdamerika, nackte Mulatinnen aus der Karibik oder die devote Art der zierlichen Frauen aus Asien erleben, ganz wie Sie es w\u00fcnschen. Ihrem Einfallsreichtum und Fantasie sind keine Grenzen gesetzt.<\/h4>\n<h4 style=\"text-align: center;\">Warum Leute \u00fcberhaupt chatten und was es bringt<\/h4>\n<h4 style=\"text-align: center;\">Webcam Chats sind eine moderne Form der Kommunikation &#8211; mit ihrer Hilfe kann man einfach und schnell Kontakte kn\u00fcpfen. Und weil es so unkompliziert ist, l\u00e4sst sich auch ein Austausch auf sexueller Ebene ganz simpel realisieren. Es gibt viele Gr\u00fcnde, warum man chatten und Webcam Sex hat: Viele Singles nutzen die Webcam um Frauen kennenzulernen, zu flirten oder sich schnell Erleichterung zu verschaffen. Am h\u00e4ufigsten ist aber, dass Chatter eine Beziehung haben, die sie aber sexuell nicht erf\u00fcllt. Mal hat die Partnerin keine Lust auf Sex, mal wei\u00df die eigene Ehefrau nichts von speziellen W\u00fcnschen oder Fantasien. In diesen F\u00e4llen k\u00f6nnen Webcam Chats eine ganze Menge bringen &#8211; sie erm\u00f6glichen soziale Kontakte und verschaffen den eigenen Trieben eine tiefe Befriedigung.<\/h4>\n<p>[\/et_pb_text][\/et_pb_column][\/et_pb_row][et_pb_row _builder_version=&#8220;4.16&#8243; global_colors_info=&#8220;{}&#8220;][et_pb_column type=&#8220;4_4&#8243; _builder_version=&#8220;4.16&#8243; global_colors_info=&#8220;{}&#8220;][et_pb_code _builder_version=&#8220;4.16&#8243; global_colors_info=&#8220;{}&#8220;]<\/p>\n<div class=\"cp-webcam-gallery-container\" style=\"width: 100%;\"><!-- [et_pb_line_break_holder] --><iframe loading=\"lazy\" width=\"100%\" height=\"100%\" class=\"block-bordered\" src=\"https:\/\/www.jygotubvpyguak.com\/cp\/webcam_gallery\/index.php?submitconfig=0&#038;brand=el&#038;ur=aHR0cDovL3d3dy5ldmVsaXZlLmNvbQ%3D%3D&#038;re=freechat&#038;promo=evelive&#038;product_id=14&#038;subid1=&#038;subid2=&#038;wl_cf1=&#038;cf0=pc2&#038;cf2=&#038;cfsa2=&#038;ts=big&#038;ro=4&#038;snp=0&#038;gc=000000&#038;tbc=C0AA7A&#038;bgc=10100f&#038;bc=C0AA7A&#038;tbs=0.3&#038;tbr=0.3&#038;s=0.3&#038;bs=0.3&#038;br=0.3&#038;fi=1&#038;ftc=FFFFFF&#038;fbgc=3D7304&#038;hi=1&#038;htc=10100f&#038;hbc=C0AA7A&#038;li=1&#038;ltc=FFFFFF&#038;lbc=000000&#038;dtc=FFFFFF&#038;c=1&#038;cc=D4283F&#038;ctc=FFFFFF&#038;cr=0.3&#038;ctt=eyJlbiI6IkNoYXQgbm93ISIsImZyIjoiVGNoYXRlciAhIiwiZGUiOiJDaGF0dGUgSmV0enQhIiwibmwiOiJDaGF0IG51ISIsImVzIjoiXHUwMGExQ2hhdGVhciEiLCJpdCI6IkNoYXR0YSBvcmEhIn0%3D&#038;modelSex=F&#038;modelLanguage=DE&#038;modelOrientation=straight&#038;modelStatus=free&#038;modelAge=18%2A40&#038;savedConfig=6709&#038;labelConfigOutil=like-girls&#038;comfrom=990532\" frameborder=\"0\" marginwidth=\"0\" marginheight=\"0\" scrolling=\"no\" data-rows=\"4\" data-thumb-size=\"big\" data-border=\"0.3\"><\/iframe><!-- [et_pb_line_break_holder] --><script src=\"https:\/\/www.jygotubvpyguak.com\/assets\/cp\/js\/webcam_gallery\/iframe_handler.js\" type=\"text\/javascript\"><\/script><!-- [et_pb_line_break_holder] --><\/div>\n<p>[\/et_pb_code][\/et_pb_column][\/et_pb_row][\/et_pb_section][et_pb_section fb_built=&#8220;1&#8243; _builder_version=&#8220;4.16&#8243; background_color=&#8220;#e02b20&#8243; global_colors_info=&#8220;{}&#8220;][et_pb_row column_structure=&#8220;1_2,1_2&#8243; _builder_version=&#8220;4.16&#8243; global_colors_info=&#8220;{}&#8220;][et_pb_column type=&#8220;1_2&#8243; _builder_version=&#8220;4.16&#8243; global_colors_info=&#8220;{}&#8220;][et_pb_code _builder_version=&#8220;4.27.4&#8243; global_colors_info=&#8220;{}&#8220;]<iframe src=\"https:\/\/chaturbate.com\/in\/?tour=W5j4&#038;campaign=haZET&#038;track=default&#038;c=20&#038;p=1&#038;gender=x\"><\/iframe>[\/et_pb_code][et_pb_code _builder_version=&#8220;4.27.4&#8243; global_colors_info=&#8220;{}&#8220;]<iframe src=\"https:\/\/chaturbate.com\/in\/?tour=W5j4&#038;campaign=haZET&#038;track=default&#038;c=20&#038;p=1&#038;gender=x\"><\/iframe>[\/et_pb_code][et_pb_image src=&#8220;https:\/\/likegirl.de\/wp-content\/uploads\/2020\/02\/cb_s300x250_03a.jpg&#8220; url=&#8220;https:\/\/chaturbate.com\/in\/?tour=LQps&#038;campaign=haZET&#038;track=default&#038;room=peep24club684586&#8243; url_new_window=&#8220;on&#8220; _builder_version=&#8220;4.27.4&#8243; global_colors_info=&#8220;{}&#8220;][\/et_pb_image][et_pb_code _builder_version=&#8220;4.27.4&#8243; _module_preset=&#8220;default&#8220; global_colors_info=&#8220;{}&#8220;]<iframe src=\"https:\/\/chaturbate.com\/in\/?tour=x1Rd&#038;campaign=haZET&#038;track=default&#038;c=20&#038;p=1&#038;gender=x\"><\/iframe>[\/et_pb_code][et_pb_code _builder_version=&#8220;4.16&#8243; _module_preset=&#8220;default&#8220; global_colors_info=&#8220;{}&#8220;][\/et_pb_code][\/et_pb_column][et_pb_column type=&#8220;1_2&#8243; _builder_version=&#8220;4.16&#8243; global_colors_info=&#8220;{}&#8220;][et_pb_image src=&#8220;https:\/\/likegirl.de\/wp-content\/uploads\/2020\/02\/687_1000.jpg&#8220; url=&#8220;https:\/\/chaturbate.com\/in\/?tour=J2in&#038;campaign=haZET&#038;track=default&#038;signup_notice=1&#8243; url_new_window=&#8220;on&#8220; _builder_version=&#8220;4.27.4&#8243; global_colors_info=&#8220;{}&#8220;][\/et_pb_image][\/et_pb_column][\/et_pb_row][\/et_pb_section]<\/p>\n","protected":false},"excerpt":{"rendered":"<p>Oder doch lieber Webcam Frauen anschauen?In einem Webcam Sex Chat haben Sie die M\u00f6glichkeit Frauen und M\u00e4dchen &#8211; sogenannte Webcam Girls &#8211; bei hei\u00dfen Sex-Spielen live mit der Webcam zu beobachten und mit ihnen zu kommunizieren. Das besondere an einem solchen Webcam Chat ist aber, dass man diesen sexy Girls sagen darf, was man gerne [&hellip;]<\/p>\n","protected":false},"author":1,"featured_media":0,"parent":0,"menu_order":0,"comment_status":"closed","ping_status":"closed","template":"","meta":{"_et_pb_use_builder":"on","_et_pb_old_content":"","_et_gb_content_width":"","footnotes":""},"class_list":["post-125","page","type-page","status-publish","hentry"],"yoast_head":"<!-- This site is optimized with the Yoast SEO plugin v27.6 - https:\/\/yoast.com\/product\/yoast-seo-wordpress\/ -->\n<title>Webcam Frauen - likegirl.de<\/title>\n<meta name=\"description\" content=\"Dating, Singleb\u00f6rse, Partnervermittlung, Seitensprung, Aff\u00e4ren, Flirt, likegirl.de Webcam Frauen -\" \/>\n<meta name=\"robots\" content=\"index, follow, max-snippet:-1, max-image-preview:large, max-video-preview:-1\" \/>\n<link rel=\"canonical\" href=\"https:\/\/likegirl.de\/altersbeschrankung-ab-welchem-alter\/webcam\/\" \/>\n<meta property=\"og:locale\" content=\"de_DE\" \/>\n<meta property=\"og:type\" content=\"article\" \/>\n<meta property=\"og:title\" content=\"Webcam Frauen - likegirl.de\" \/>\n<meta property=\"og:description\" content=\"Dating, Singleb\u00f6rse, Partnervermittlung, Seitensprung, Aff\u00e4ren, Flirt, likegirl.de Webcam Frauen -\" \/>\n<meta property=\"og:url\" content=\"https:\/\/likegirl.de\/altersbeschrankung-ab-welchem-alter\/webcam\/\" \/>\n<meta property=\"og:site_name\" content=\"likegirl.de\" \/>\n<meta property=\"article:modified_time\" content=\"2025-07-09T11:36:56+00:00\" \/>\n<meta name=\"twitter:card\" content=\"summary_large_image\" \/>\n<meta name=\"twitter:label1\" content=\"Gesch\u00e4tzte Lesezeit\" \/>\n\t<meta name=\"twitter:data1\" content=\"6\u00a0Minuten\" \/>\n<script type=\"application\/ld+json\" class=\"yoast-schema-graph\">{\"@context\":\"https:\\\/\\\/schema.org\",\"@graph\":[{\"@type\":\"WebPage\",\"@id\":\"https:\\\/\\\/likegirl.de\\\/altersbeschrankung-ab-welchem-alter\\\/webcam\\\/\",\"url\":\"https:\\\/\\\/likegirl.de\\\/altersbeschrankung-ab-welchem-alter\\\/webcam\\\/\",\"name\":\"Webcam Frauen - likegirl.de\",\"isPartOf\":{\"@id\":\"https:\\\/\\\/likegirl.de\\\/altersbeschrankung-ab-welchem-alter\\\/#website\"},\"datePublished\":\"2020-01-18T16:08:11+00:00\",\"dateModified\":\"2025-07-09T11:36:56+00:00\",\"description\":\"Dating, Singleb\u00f6rse, Partnervermittlung, Seitensprung, Aff\u00e4ren, Flirt, likegirl.de Webcam Frauen -\",\"breadcrumb\":{\"@id\":\"https:\\\/\\\/likegirl.de\\\/altersbeschrankung-ab-welchem-alter\\\/webcam\\\/#breadcrumb\"},\"inLanguage\":\"de\",\"potentialAction\":[{\"@type\":\"ReadAction\",\"target\":[\"https:\\\/\\\/likegirl.de\\\/altersbeschrankung-ab-welchem-alter\\\/webcam\\\/\"]}]},{\"@type\":\"BreadcrumbList\",\"@id\":\"https:\\\/\\\/likegirl.de\\\/altersbeschrankung-ab-welchem-alter\\\/webcam\\\/#breadcrumb\",\"itemListElement\":[{\"@type\":\"ListItem\",\"position\":1,\"name\":\"Startseite\",\"item\":\"https:\\\/\\\/likegirl.de\\\/altersbeschrankung-ab-welchem-alter\\\/\"},{\"@type\":\"ListItem\",\"position\":2,\"name\":\"Webcam Frauen\"}]},{\"@type\":\"WebSite\",\"@id\":\"https:\\\/\\\/likegirl.de\\\/altersbeschrankung-ab-welchem-alter\\\/#website\",\"url\":\"https:\\\/\\\/likegirl.de\\\/altersbeschrankung-ab-welchem-alter\\\/\",\"name\":\"likegirl.de\",\"description\":\"\",\"publisher\":{\"@id\":\"https:\\\/\\\/likegirl.de\\\/altersbeschrankung-ab-welchem-alter\\\/#\\\/schema\\\/person\\\/9e8d4530cd751119ecd3ba4580a4eeb9\"},\"potentialAction\":[{\"@type\":\"SearchAction\",\"target\":{\"@type\":\"EntryPoint\",\"urlTemplate\":\"https:\\\/\\\/likegirl.de\\\/altersbeschrankung-ab-welchem-alter\\\/?s={search_term_string}\"},\"query-input\":{\"@type\":\"PropertyValueSpecification\",\"valueRequired\":true,\"valueName\":\"search_term_string\"}}],\"inLanguage\":\"de\"},{\"@type\":[\"Person\",\"Organization\"],\"@id\":\"https:\\\/\\\/likegirl.de\\\/altersbeschrankung-ab-welchem-alter\\\/#\\\/schema\\\/person\\\/9e8d4530cd751119ecd3ba4580a4eeb9\",\"name\":\"demo\",\"image\":{\"@type\":\"ImageObject\",\"inLanguage\":\"de\",\"@id\":\"https:\\\/\\\/secure.gravatar.com\\\/avatar\\\/31c8b45f71a87fb64ecde6684113619063c169c71ae006ca1c33626df1a90fd0?s=96&d=mm&r=g\",\"url\":\"https:\\\/\\\/secure.gravatar.com\\\/avatar\\\/31c8b45f71a87fb64ecde6684113619063c169c71ae006ca1c33626df1a90fd0?s=96&d=mm&r=g\",\"contentUrl\":\"https:\\\/\\\/secure.gravatar.com\\\/avatar\\\/31c8b45f71a87fb64ecde6684113619063c169c71ae006ca1c33626df1a90fd0?s=96&d=mm&r=g\",\"caption\":\"demo\"},\"logo\":{\"@id\":\"https:\\\/\\\/secure.gravatar.com\\\/avatar\\\/31c8b45f71a87fb64ecde6684113619063c169c71ae006ca1c33626df1a90fd0?s=96&d=mm&r=g\"}}]}<\/script>\n<!-- \/ Yoast SEO plugin. -->","yoast_head_json":{"title":"Webcam Frauen - likegirl.de","description":"Dating, Singleb\u00f6rse, Partnervermittlung, Seitensprung, Aff\u00e4ren, Flirt, likegirl.de Webcam Frauen -","robots":{"index":"index","follow":"follow","max-snippet":"max-snippet:-1","max-image-preview":"max-image-preview:large","max-video-preview":"max-video-preview:-1"},"canonical":"https:\/\/likegirl.de\/altersbeschrankung-ab-welchem-alter\/webcam\/","og_locale":"de_DE","og_type":"article","og_title":"Webcam Frauen - likegirl.de","og_description":"Dating, Singleb\u00f6rse, Partnervermittlung, Seitensprung, Aff\u00e4ren, Flirt, likegirl.de Webcam Frauen -","og_url":"https:\/\/likegirl.de\/altersbeschrankung-ab-welchem-alter\/webcam\/","og_site_name":"likegirl.de","article_modified_time":"2025-07-09T11:36:56+00:00","twitter_card":"summary_large_image","twitter_misc":{"Gesch\u00e4tzte Lesezeit":"6\u00a0Minuten"},"schema":{"@context":"https:\/\/schema.org","@graph":[{"@type":"WebPage","@id":"https:\/\/likegirl.de\/altersbeschrankung-ab-welchem-alter\/webcam\/","url":"https:\/\/likegirl.de\/altersbeschrankung-ab-welchem-alter\/webcam\/","name":"Webcam Frauen - likegirl.de","isPartOf":{"@id":"https:\/\/likegirl.de\/altersbeschrankung-ab-welchem-alter\/#website"},"datePublished":"2020-01-18T16:08:11+00:00","dateModified":"2025-07-09T11:36:56+00:00","description":"Dating, Singleb\u00f6rse, Partnervermittlung, Seitensprung, Aff\u00e4ren, Flirt, likegirl.de Webcam Frauen -","breadcrumb":{"@id":"https:\/\/likegirl.de\/altersbeschrankung-ab-welchem-alter\/webcam\/#breadcrumb"},"inLanguage":"de","potentialAction":[{"@type":"ReadAction","target":["https:\/\/likegirl.de\/altersbeschrankung-ab-welchem-alter\/webcam\/"]}]},{"@type":"BreadcrumbList","@id":"https:\/\/likegirl.de\/altersbeschrankung-ab-welchem-alter\/webcam\/#breadcrumb","itemListElement":[{"@type":"ListItem","position":1,"name":"Startseite","item":"https:\/\/likegirl.de\/altersbeschrankung-ab-welchem-alter\/"},{"@type":"ListItem","position":2,"name":"Webcam Frauen"}]},{"@type":"WebSite","@id":"https:\/\/likegirl.de\/altersbeschrankung-ab-welchem-alter\/#website","url":"https:\/\/likegirl.de\/altersbeschrankung-ab-welchem-alter\/","name":"likegirl.de","description":"","publisher":{"@id":"https:\/\/likegirl.de\/altersbeschrankung-ab-welchem-alter\/#\/schema\/person\/9e8d4530cd751119ecd3ba4580a4eeb9"},"potentialAction":[{"@type":"SearchAction","target":{"@type":"EntryPoint","urlTemplate":"https:\/\/likegirl.de\/altersbeschrankung-ab-welchem-alter\/?s={search_term_string}"},"query-input":{"@type":"PropertyValueSpecification","valueRequired":true,"valueName":"search_term_string"}}],"inLanguage":"de"},{"@type":["Person","Organization"],"@id":"https:\/\/likegirl.de\/altersbeschrankung-ab-welchem-alter\/#\/schema\/person\/9e8d4530cd751119ecd3ba4580a4eeb9","name":"demo","image":{"@type":"ImageObject","inLanguage":"de","@id":"https:\/\/secure.gravatar.com\/avatar\/31c8b45f71a87fb64ecde6684113619063c169c71ae006ca1c33626df1a90fd0?s=96&d=mm&r=g","url":"https:\/\/secure.gravatar.com\/avatar\/31c8b45f71a87fb64ecde6684113619063c169c71ae006ca1c33626df1a90fd0?s=96&d=mm&r=g","contentUrl":"https:\/\/secure.gravatar.com\/avatar\/31c8b45f71a87fb64ecde6684113619063c169c71ae006ca1c33626df1a90fd0?s=96&d=mm&r=g","caption":"demo"},"logo":{"@id":"https:\/\/secure.gravatar.com\/avatar\/31c8b45f71a87fb64ecde6684113619063c169c71ae006ca1c33626df1a90fd0?s=96&d=mm&r=g"}}]}},"_links":{"self":[{"href":"https:\/\/likegirl.de\/altersbeschrankung-ab-welchem-alter\/wp-json\/wp\/v2\/pages\/125","targetHints":{"allow":["GET"]}}],"collection":[{"href":"https:\/\/likegirl.de\/altersbeschrankung-ab-welchem-alter\/wp-json\/wp\/v2\/pages"}],"about":[{"href":"https:\/\/likegirl.de\/altersbeschrankung-ab-welchem-alter\/wp-json\/wp\/v2\/types\/page"}],"author":[{"embeddable":true,"href":"https:\/\/likegirl.de\/altersbeschrankung-ab-welchem-alter\/wp-json\/wp\/v2\/users\/1"}],"replies":[{"embeddable":true,"href":"https:\/\/likegirl.de\/altersbeschrankung-ab-welchem-alter\/wp-json\/wp\/v2\/comments?post=125"}],"version-history":[{"count":22,"href":"https:\/\/likegirl.de\/altersbeschrankung-ab-welchem-alter\/wp-json\/wp\/v2\/pages\/125\/revisions"}],"predecessor-version":[{"id":316,"href":"https:\/\/likegirl.de\/altersbeschrankung-ab-welchem-alter\/wp-json\/wp\/v2\/pages\/125\/revisions\/316"}],"wp:attachment":[{"href":"https:\/\/likegirl.de\/altersbeschrankung-ab-welchem-alter\/wp-json\/wp\/v2\/media?parent=125"}],"curies":[{"name":"wp","href":"https:\/\/api.w.org\/{rel}","templated":true}]}}