{"id":258,"date":"2020-05-03T14:44:58","date_gmt":"2020-05-03T12:44:58","guid":{"rendered":"https:\/\/likegirl.de\/altersbeschrankung-ab-welchem-alter\/?page_id=258"},"modified":"2020-05-03T14:44:58","modified_gmt":"2020-05-03T12:44:58","slug":"einlauf-strafe-aber-auch-wohltat-fur-den-korper","status":"publish","type":"page","link":"https:\/\/likegirl.de\/altersbeschrankung-ab-welchem-alter\/einlauf-strafe-aber-auch-wohltat-fur-den-korper\/","title":{"rendered":"Einlauf Strafe, aber auch Wohltat f\u00fcr den K\u00f6rper"},"content":{"rendered":"\n[et_pb_section fb_built=&#8220;1&#8243; _builder_version=&#8220;4.4.5&#8243;][et_pb_row _builder_version=&#8220;4.4.5&#8243;][et_pb_column _builder_version=&#8220;4.4.5&#8243; type=&#8220;4_4&#8243;][et_pb_image src=&#8220;https:\/\/likegirl.de\/wp-content\/uploads\/2020\/05\/einlauf-strafe.jpg&#8220; _builder_version=&#8220;4.4.5&#8243; title_text=&#8220;einlauf-strafe&#8220; hover_enabled=&#8220;0&#8243;][\/et_pb_image][et_pb_code _builder_version=&#8220;4.4.5&#8243; hover_enabled=&#8220;0&#8243;]<!-- Global site tag (gtag.js) - Google Analytics --><!-- [et_pb_line_break_holder] --><script src=\"https:\/\/www.googletagmanager.com\/gtag\/js?id=G-V7HZPGDCQS\" async=\"\"><\/script><!-- [et_pb_line_break_holder] --><script><!-- [et_pb_line_break_holder] -->  window.dataLayer = window.dataLayer || [];<!-- [et_pb_line_break_holder] -->  function gtag(){dataLayer.push(arguments);}<!-- [et_pb_line_break_holder] -->  gtag('js', new Date());<!-- [et_pb_line_break_holder] --><!-- [et_pb_line_break_holder] -->  gtag('config', 'G-V7HZPGDCQS');<!-- [et_pb_line_break_holder] --><\/script>[\/et_pb_code][\/et_pb_column][\/et_pb_row][et_pb_row _builder_version=&#8220;4.4.5&#8243; column_structure=&#8220;3_4,1_4&#8243;][et_pb_column _builder_version=&#8220;4.4.5&#8243; type=&#8220;3_4&#8243;][\/et_pb_column][et_pb_column _builder_version=&#8220;4.4.5&#8243; type=&#8220;1_4&#8243;][et_pb_text _builder_version=&#8220;4.4.5&#8243; hover_enabled=&#8220;0&#8243;]<h3 style=\"text-align: center;\">Klistier bei Amazon<\/h3>\n[\/et_pb_text][\/et_pb_column][\/et_pb_row][et_pb_row _builder_version=&#8220;4.4.5&#8243; column_structure=&#8220;3_4,1_4&#8243;][et_pb_column _builder_version=&#8220;4.4.5&#8243; type=&#8220;3_4&#8243;][et_pb_text _builder_version=&#8220;4.4.5&#8243; hover_enabled=&#8220;0&#8243;]<h3 style=\"text-align: center;\"><span style=\"text-decoration: underline;\">Einlauf Strafe, aber auch Wohltat f\u00fcr den K\u00f6rper<\/span><\/h3>\n<h3 style=\"text-align: center;\">Wenn Du und Dein Partner sich f\u00fcr BDSM interessieren, habt ihr euch sicher schon mit den verschiedensten Methoden der Sklavenerziehung und\/oder Bestrafung besch\u00e4ftigt. Dazu z\u00e4hlt auch die Einlauf Strafe. Hierbei handelt es sich praktisch um eine Darmsp\u00fclung. Mitunter wird sie auch Analdusche genannt. Bei einer Einlauf Dusche wird der Sklave so fixiert, dass das After frei liegt und leicht nach oben gerichtet ist. Mit Hilfe einer flexiblen Flasche aus Gummi oder Weichplastik und einem daran befestigten Schlauch wird bei der Einlauf Strafe Wasser oder eine andere Fl\u00fcssigkeit in den Anus des Sklaven gepumpt. Die Prozedur wird von den meisten als unangenehm und peinlich empfunden. Das ist ja auch Sinn und Zweck der Einlauf Strafe.<\/h3>\n<h3 style=\"text-align: center;\">Steckt da noch mehr dahinter und was muss bei der Einlauf Strafe beachtet werden?<br \/>Eine Einlauf Strafe hat auch eine ganze Reihe von positiven Effekten. Sie ist zum Beispiel die ideale Vorbereitung auf Analsex, weil danach der Darm richtig sauber ist und Du keine Angst vor braunen Streifen oder Flecken zu haben brauchst. Aus medizinischer Sicht macht ein Einlauf auch bei bestimmten Erkrankungen Sinn. Wenn Du Deinem Sklaven eine Einlauf Strafe unterwerfen willst, kannst Du die entsprechenden Ger\u00e4te entweder im Reformhaus oder in einem Sexshop kaufen. Im Reformhaus hei\u00dfen sie Klistier, im Sexshop findest Du die Ger\u00e4te unter der Rubrik Analduschen.<\/h3>\n<h3 style=\"text-align: center;\"><span style=\"text-decoration: underline;\">Tipps f\u00fcr eine gelungene Einlauf Strafe<\/span><\/h3>\n<h3 style=\"text-align: center;\">Bei der Anwendung musst Du ein paar Dinge beachten. Die Analdusche darf keine scharfen Ecken oder Kanten haben, weil sonst akute Verletzungsgefahr besteht. Bei der Einlauf Strafe, sollte beim Einsatz immer Gleitgel verwendet werden. Sowohl Anus als auch das einzuf\u00fchrende Schlauchende m\u00fcssen damit reichlich bestrichen werden. Als Mittel zum Einlauf eignet sich am besten lauwarmes Wasser. Manchmal kann aber auch Kaffee oder Kr\u00e4utertee verwendet werden. Es d\u00fcrfen nur Mittel verwenden werden, die man normalerweise auch trinken w\u00fcrde, auf keinen Fall Reinigungsmittel, Shampoo oder Lotion.<\/h3>\n<h3 style=\"text-align: center;\">Das Wasser oder der Tee d\u00fcrfen weder zu hei\u00df noch zu kalt sein. Optimal ist es, wenn die Fl\u00fcssigkeit auf K\u00f6rpertemperatur erw\u00e4rmt wird. Da die Analdusche zur Einlauf Strafe beim Gebrauch schmutzig wird, muss sie nach jedem Einsatz gr\u00fcndlich gereinigt wird, weil sonst die Gefahr von Darminfektionen besteht. Zur Reinigung eignet sich lauwarmes Wasser am besten. Wird bei starken Verschmutzungen Reinigungsmittel verwendet, muss die Analdusche nach dem S\u00e4ubern gr\u00fcndlich gesp\u00fclt werden.\u00a0<\/h3>\n[\/et_pb_text][\/et_pb_column][et_pb_column _builder_version=&#8220;4.4.5&#8243; type=&#8220;1_4&#8243;][et_pb_code _builder_version=&#8220;4.4.5&#8243; hover_enabled=&#8220;0&#8243;]<a href=\"https:\/\/www.amazon.de\/dp\/B071DV9DS2\/ref=as_li_ss_il?&#038;th=1&#038;keywords=Klistier&#038;linkCode=li3&#038;tag=dating-help.de-21&#038;linkId=1355c886c04ccdae68d4387285953348&#038;language=de_DE\" target=\"_blank\" rel=\"noopener noreferrer\"><img decoding=\"async\" border=\"0\" src=\"\/\/ws-eu.amazon-adsystem.com\/widgets\/q?_encoding=UTF8&#038;ASIN=B071DV9DS2&#038;Format=_SL250_&#038;ID=AsinImage&#038;MarketPlace=DE&#038;ServiceVersion=20070822&#038;WS=1&#038;tag=dating-help.de-21&#038;language=de_DE\" ><\/a><img loading=\"lazy\" decoding=\"async\" src=\"https:\/\/ir-de.amazon-adsystem.com\/e\/ir?t=dating-help.de-21&#038;language=de_DE&#038;l=li3&#038;o=3&#038;a=B071DV9DS2\" width=\"1\" height=\"1\" border=\"0\" alt=\"\" style=\"border:none !important; margin:0px !important;\" \/>[\/et_pb_code][et_pb_code _builder_version=&#8220;4.4.5&#8243; hover_enabled=&#8220;0&#8243;]<a href=\"https:\/\/www.amazon.de\/dp\/B01LFDO4ES\/ref=as_li_ss_il?&#038;th=1&#038;psc=1&#038;keywords=Klistier&#038;linkCode=li3&#038;tag=dating-help.de-21&#038;linkId=408fe98c1f450be2bf80ec31029d8566&#038;language=de_DE\" target=\"_blank\" rel=\"noopener noreferrer\"><img decoding=\"async\" border=\"0\" src=\"\/\/ws-eu.amazon-adsystem.com\/widgets\/q?_encoding=UTF8&#038;ASIN=B01LFDO4ES&#038;Format=_SL250_&#038;ID=AsinImage&#038;MarketPlace=DE&#038;ServiceVersion=20070822&#038;WS=1&#038;tag=dating-help.de-21&#038;language=de_DE\" ><\/a><img loading=\"lazy\" decoding=\"async\" src=\"https:\/\/ir-de.amazon-adsystem.com\/e\/ir?t=dating-help.de-21&#038;language=de_DE&#038;l=li3&#038;o=3&#038;a=B01LFDO4ES\" width=\"1\" height=\"1\" border=\"0\" alt=\"\" style=\"border:none !important; margin:0px !important;\" \/>[\/et_pb_code][et_pb_code _builder_version=&#8220;4.4.5&#8243; hover_enabled=&#8220;0&#8243;]<a href=\"https:\/\/www.amazon.de\/dp\/B00E62E0M2\/ref=as_li_ss_il?&#038;th=1&#038;psc=1&#038;keywords=Klistier&#038;linkCode=li3&#038;tag=dating-help.de-21&#038;linkId=e275638b2774ee8f1023400fff2064e5&#038;language=de_DE\" target=\"_blank\" rel=\"noopener noreferrer\"><img decoding=\"async\" border=\"0\" src=\"\/\/ws-eu.amazon-adsystem.com\/widgets\/q?_encoding=UTF8&#038;ASIN=B00E62E0M2&#038;Format=_SL250_&#038;ID=AsinImage&#038;MarketPlace=DE&#038;ServiceVersion=20070822&#038;WS=1&#038;tag=dating-help.de-21&#038;language=de_DE\" ><\/a><img loading=\"lazy\" decoding=\"async\" src=\"https:\/\/ir-de.amazon-adsystem.com\/e\/ir?t=dating-help.de-21&#038;language=de_DE&#038;l=li3&#038;o=3&#038;a=B00E62E0M2\" width=\"1\" height=\"1\" border=\"0\" alt=\"\" style=\"border:none !important; margin:0px !important;\" \/>[\/et_pb_code][et_pb_code _builder_version=&#8220;4.4.5&#8243; hover_enabled=&#8220;0&#8243;]<a href=\"https:\/\/www.amazon.de\/dp\/B00E6SOUCQ\/ref=as_li_ss_il?&#038;th=1&#038;psc=1&#038;keywords=Klistier&#038;linkCode=li3&#038;tag=dating-help.de-21&#038;linkId=c44cd1652a806b2e7cf8fd435556ced4&#038;language=de_DE\" target=\"_blank\" rel=\"noopener noreferrer\"><img decoding=\"async\" border=\"0\" src=\"\/\/ws-eu.amazon-adsystem.com\/widgets\/q?_encoding=UTF8&#038;ASIN=B00E6SOUCQ&#038;Format=_SL250_&#038;ID=AsinImage&#038;MarketPlace=DE&#038;ServiceVersion=20070822&#038;WS=1&#038;tag=dating-help.de-21&#038;language=de_DE\" ><\/a><img loading=\"lazy\" decoding=\"async\" src=\"https:\/\/ir-de.amazon-adsystem.com\/e\/ir?t=dating-help.de-21&#038;language=de_DE&#038;l=li3&#038;o=3&#038;a=B00E6SOUCQ\" width=\"1\" height=\"1\" border=\"0\" alt=\"\" style=\"border:none !important; margin:0px !important;\" \/>[\/et_pb_code][\/et_pb_column][\/et_pb_row][\/et_pb_section]\n","protected":false},"excerpt":{"rendered":"<p>Klistier bei Amazon Einlauf Strafe, aber auch Wohltat f\u00fcr den K\u00f6rper Wenn Du und Dein Partner sich f\u00fcr BDSM interessieren, habt ihr euch sicher schon mit den verschiedensten Methoden der Sklavenerziehung und\/oder Bestrafung besch\u00e4ftigt. Dazu z\u00e4hlt auch die Einlauf Strafe. Hierbei handelt es sich praktisch um eine Darmsp\u00fclung. Mitunter wird sie auch Analdusche genannt. Bei [&hellip;]<\/p>\n","protected":false},"author":1,"featured_media":0,"parent":0,"menu_order":0,"comment_status":"closed","ping_status":"closed","template":"","meta":{"_et_pb_use_builder":"on","_et_pb_old_content":"","_et_gb_content_width":"","footnotes":""},"class_list":["post-258","page","type-page","status-publish","hentry"],"yoast_head":"<!-- This site is optimized with the Yoast SEO plugin v27.5 - https:\/\/yoast.com\/product\/yoast-seo-wordpress\/ -->\n<title>Einlauf Strafe, aber auch Wohltat f\u00fcr den K\u00f6rper - likegirl.de<\/title>\n<meta name=\"description\" content=\"Dating, Singleb\u00f6rse, Partnervermittlung, Seitensprung, Aff\u00e4ren, Flirt, likegirl.de Einlauf Strafe, aber auch Wohltat f\u00fcr den K\u00f6rper -\" \/>\n<meta name=\"robots\" content=\"index, follow, max-snippet:-1, max-image-preview:large, max-video-preview:-1\" \/>\n<link rel=\"canonical\" href=\"https:\/\/likegirl.de\/altersbeschrankung-ab-welchem-alter\/einlauf-strafe-aber-auch-wohltat-fur-den-korper\/\" \/>\n<meta property=\"og:locale\" content=\"de_DE\" \/>\n<meta property=\"og:type\" content=\"article\" \/>\n<meta property=\"og:title\" content=\"Einlauf Strafe, aber auch Wohltat f\u00fcr den K\u00f6rper - likegirl.de\" \/>\n<meta property=\"og:description\" content=\"Dating, Singleb\u00f6rse, Partnervermittlung, Seitensprung, Aff\u00e4ren, Flirt, likegirl.de Einlauf Strafe, aber auch Wohltat f\u00fcr den K\u00f6rper -\" \/>\n<meta property=\"og:url\" content=\"https:\/\/likegirl.de\/altersbeschrankung-ab-welchem-alter\/einlauf-strafe-aber-auch-wohltat-fur-den-korper\/\" \/>\n<meta property=\"og:site_name\" content=\"likegirl.de\" \/>\n<meta property=\"og:image\" content=\"\/\/ws-eu.amazon-adsystem.com\/widgets\/q?_encoding=UTF8&ASIN=B071DV9DS2&Format=_SL250_&ID=AsinImage&MarketPlace=DE&ServiceVersion=20070822&WS=1&tag=dating-help.de-21&language=de_DE\" \/>\n<meta name=\"twitter:card\" content=\"summary_large_image\" \/>\n<meta name=\"twitter:label1\" content=\"Gesch\u00e4tzte Lesezeit\" \/>\n\t<meta name=\"twitter:data1\" content=\"3\u00a0Minuten\" \/>\n<script type=\"application\/ld+json\" class=\"yoast-schema-graph\">{\"@context\":\"https:\\\/\\\/schema.org\",\"@graph\":[{\"@type\":\"WebPage\",\"@id\":\"https:\\\/\\\/likegirl.de\\\/altersbeschrankung-ab-welchem-alter\\\/einlauf-strafe-aber-auch-wohltat-fur-den-korper\\\/\",\"url\":\"https:\\\/\\\/likegirl.de\\\/altersbeschrankung-ab-welchem-alter\\\/einlauf-strafe-aber-auch-wohltat-fur-den-korper\\\/\",\"name\":\"Einlauf Strafe, aber auch Wohltat f\u00fcr den K\u00f6rper - likegirl.de\",\"isPartOf\":{\"@id\":\"https:\\\/\\\/likegirl.de\\\/altersbeschrankung-ab-welchem-alter\\\/#website\"},\"primaryImageOfPage\":{\"@id\":\"https:\\\/\\\/likegirl.de\\\/altersbeschrankung-ab-welchem-alter\\\/einlauf-strafe-aber-auch-wohltat-fur-den-korper\\\/#primaryimage\"},\"image\":{\"@id\":\"https:\\\/\\\/likegirl.de\\\/altersbeschrankung-ab-welchem-alter\\\/einlauf-strafe-aber-auch-wohltat-fur-den-korper\\\/#primaryimage\"},\"thumbnailUrl\":\"https:\\\/\\\/ir-de.amazon-adsystem.com\\\/e\\\/ir?t=dating-help.de-21&language=de_DE&l=li3&o=3&a=B071DV9DS2\",\"datePublished\":\"2020-05-03T12:44:58+00:00\",\"description\":\"Dating, Singleb\u00f6rse, Partnervermittlung, Seitensprung, Aff\u00e4ren, Flirt, likegirl.de Einlauf Strafe, aber auch Wohltat f\u00fcr den K\u00f6rper -\",\"breadcrumb\":{\"@id\":\"https:\\\/\\\/likegirl.de\\\/altersbeschrankung-ab-welchem-alter\\\/einlauf-strafe-aber-auch-wohltat-fur-den-korper\\\/#breadcrumb\"},\"inLanguage\":\"de\",\"potentialAction\":[{\"@type\":\"ReadAction\",\"target\":[\"https:\\\/\\\/likegirl.de\\\/altersbeschrankung-ab-welchem-alter\\\/einlauf-strafe-aber-auch-wohltat-fur-den-korper\\\/\"]}]},{\"@type\":\"ImageObject\",\"inLanguage\":\"de\",\"@id\":\"https:\\\/\\\/likegirl.de\\\/altersbeschrankung-ab-welchem-alter\\\/einlauf-strafe-aber-auch-wohltat-fur-den-korper\\\/#primaryimage\",\"url\":\"https:\\\/\\\/ir-de.amazon-adsystem.com\\\/e\\\/ir?t=dating-help.de-21&language=de_DE&l=li3&o=3&a=B071DV9DS2\",\"contentUrl\":\"https:\\\/\\\/ir-de.amazon-adsystem.com\\\/e\\\/ir?t=dating-help.de-21&language=de_DE&l=li3&o=3&a=B071DV9DS2\"},{\"@type\":\"BreadcrumbList\",\"@id\":\"https:\\\/\\\/likegirl.de\\\/altersbeschrankung-ab-welchem-alter\\\/einlauf-strafe-aber-auch-wohltat-fur-den-korper\\\/#breadcrumb\",\"itemListElement\":[{\"@type\":\"ListItem\",\"position\":1,\"name\":\"Startseite\",\"item\":\"https:\\\/\\\/likegirl.de\\\/altersbeschrankung-ab-welchem-alter\\\/\"},{\"@type\":\"ListItem\",\"position\":2,\"name\":\"Einlauf Strafe, aber auch Wohltat f\u00fcr den K\u00f6rper\"}]},{\"@type\":\"WebSite\",\"@id\":\"https:\\\/\\\/likegirl.de\\\/altersbeschrankung-ab-welchem-alter\\\/#website\",\"url\":\"https:\\\/\\\/likegirl.de\\\/altersbeschrankung-ab-welchem-alter\\\/\",\"name\":\"likegirl.de\",\"description\":\"\",\"publisher\":{\"@id\":\"https:\\\/\\\/likegirl.de\\\/altersbeschrankung-ab-welchem-alter\\\/#\\\/schema\\\/person\\\/9e8d4530cd751119ecd3ba4580a4eeb9\"},\"potentialAction\":[{\"@type\":\"SearchAction\",\"target\":{\"@type\":\"EntryPoint\",\"urlTemplate\":\"https:\\\/\\\/likegirl.de\\\/altersbeschrankung-ab-welchem-alter\\\/?s={search_term_string}\"},\"query-input\":{\"@type\":\"PropertyValueSpecification\",\"valueRequired\":true,\"valueName\":\"search_term_string\"}}],\"inLanguage\":\"de\"},{\"@type\":[\"Person\",\"Organization\"],\"@id\":\"https:\\\/\\\/likegirl.de\\\/altersbeschrankung-ab-welchem-alter\\\/#\\\/schema\\\/person\\\/9e8d4530cd751119ecd3ba4580a4eeb9\",\"name\":\"demo\",\"image\":{\"@type\":\"ImageObject\",\"inLanguage\":\"de\",\"@id\":\"https:\\\/\\\/secure.gravatar.com\\\/avatar\\\/31c8b45f71a87fb64ecde6684113619063c169c71ae006ca1c33626df1a90fd0?s=96&d=mm&r=g\",\"url\":\"https:\\\/\\\/secure.gravatar.com\\\/avatar\\\/31c8b45f71a87fb64ecde6684113619063c169c71ae006ca1c33626df1a90fd0?s=96&d=mm&r=g\",\"contentUrl\":\"https:\\\/\\\/secure.gravatar.com\\\/avatar\\\/31c8b45f71a87fb64ecde6684113619063c169c71ae006ca1c33626df1a90fd0?s=96&d=mm&r=g\",\"caption\":\"demo\"},\"logo\":{\"@id\":\"https:\\\/\\\/secure.gravatar.com\\\/avatar\\\/31c8b45f71a87fb64ecde6684113619063c169c71ae006ca1c33626df1a90fd0?s=96&d=mm&r=g\"}}]}<\/script>\n<!-- \/ Yoast SEO plugin. -->","yoast_head_json":{"title":"Einlauf Strafe, aber auch Wohltat f\u00fcr den K\u00f6rper - likegirl.de","description":"Dating, Singleb\u00f6rse, Partnervermittlung, Seitensprung, Aff\u00e4ren, Flirt, likegirl.de Einlauf Strafe, aber auch Wohltat f\u00fcr den K\u00f6rper -","robots":{"index":"index","follow":"follow","max-snippet":"max-snippet:-1","max-image-preview":"max-image-preview:large","max-video-preview":"max-video-preview:-1"},"canonical":"https:\/\/likegirl.de\/altersbeschrankung-ab-welchem-alter\/einlauf-strafe-aber-auch-wohltat-fur-den-korper\/","og_locale":"de_DE","og_type":"article","og_title":"Einlauf Strafe, aber auch Wohltat f\u00fcr den K\u00f6rper - likegirl.de","og_description":"Dating, Singleb\u00f6rse, Partnervermittlung, Seitensprung, Aff\u00e4ren, Flirt, likegirl.de Einlauf Strafe, aber auch Wohltat f\u00fcr den K\u00f6rper -","og_url":"https:\/\/likegirl.de\/altersbeschrankung-ab-welchem-alter\/einlauf-strafe-aber-auch-wohltat-fur-den-korper\/","og_site_name":"likegirl.de","og_image":[{"url":"\/\/ws-eu.amazon-adsystem.com\/widgets\/q?_encoding=UTF8&ASIN=B071DV9DS2&Format=_SL250_&ID=AsinImage&MarketPlace=DE&ServiceVersion=20070822&WS=1&tag=dating-help.de-21&language=de_DE","type":"","width":"","height":""}],"twitter_card":"summary_large_image","twitter_misc":{"Gesch\u00e4tzte Lesezeit":"3\u00a0Minuten"},"schema":{"@context":"https:\/\/schema.org","@graph":[{"@type":"WebPage","@id":"https:\/\/likegirl.de\/altersbeschrankung-ab-welchem-alter\/einlauf-strafe-aber-auch-wohltat-fur-den-korper\/","url":"https:\/\/likegirl.de\/altersbeschrankung-ab-welchem-alter\/einlauf-strafe-aber-auch-wohltat-fur-den-korper\/","name":"Einlauf Strafe, aber auch Wohltat f\u00fcr den K\u00f6rper - likegirl.de","isPartOf":{"@id":"https:\/\/likegirl.de\/altersbeschrankung-ab-welchem-alter\/#website"},"primaryImageOfPage":{"@id":"https:\/\/likegirl.de\/altersbeschrankung-ab-welchem-alter\/einlauf-strafe-aber-auch-wohltat-fur-den-korper\/#primaryimage"},"image":{"@id":"https:\/\/likegirl.de\/altersbeschrankung-ab-welchem-alter\/einlauf-strafe-aber-auch-wohltat-fur-den-korper\/#primaryimage"},"thumbnailUrl":"https:\/\/ir-de.amazon-adsystem.com\/e\/ir?t=dating-help.de-21&language=de_DE&l=li3&o=3&a=B071DV9DS2","datePublished":"2020-05-03T12:44:58+00:00","description":"Dating, Singleb\u00f6rse, Partnervermittlung, Seitensprung, Aff\u00e4ren, Flirt, likegirl.de Einlauf Strafe, aber auch Wohltat f\u00fcr den K\u00f6rper -","breadcrumb":{"@id":"https:\/\/likegirl.de\/altersbeschrankung-ab-welchem-alter\/einlauf-strafe-aber-auch-wohltat-fur-den-korper\/#breadcrumb"},"inLanguage":"de","potentialAction":[{"@type":"ReadAction","target":["https:\/\/likegirl.de\/altersbeschrankung-ab-welchem-alter\/einlauf-strafe-aber-auch-wohltat-fur-den-korper\/"]}]},{"@type":"ImageObject","inLanguage":"de","@id":"https:\/\/likegirl.de\/altersbeschrankung-ab-welchem-alter\/einlauf-strafe-aber-auch-wohltat-fur-den-korper\/#primaryimage","url":"https:\/\/ir-de.amazon-adsystem.com\/e\/ir?t=dating-help.de-21&language=de_DE&l=li3&o=3&a=B071DV9DS2","contentUrl":"https:\/\/ir-de.amazon-adsystem.com\/e\/ir?t=dating-help.de-21&language=de_DE&l=li3&o=3&a=B071DV9DS2"},{"@type":"BreadcrumbList","@id":"https:\/\/likegirl.de\/altersbeschrankung-ab-welchem-alter\/einlauf-strafe-aber-auch-wohltat-fur-den-korper\/#breadcrumb","itemListElement":[{"@type":"ListItem","position":1,"name":"Startseite","item":"https:\/\/likegirl.de\/altersbeschrankung-ab-welchem-alter\/"},{"@type":"ListItem","position":2,"name":"Einlauf Strafe, aber auch Wohltat f\u00fcr den K\u00f6rper"}]},{"@type":"WebSite","@id":"https:\/\/likegirl.de\/altersbeschrankung-ab-welchem-alter\/#website","url":"https:\/\/likegirl.de\/altersbeschrankung-ab-welchem-alter\/","name":"likegirl.de","description":"","publisher":{"@id":"https:\/\/likegirl.de\/altersbeschrankung-ab-welchem-alter\/#\/schema\/person\/9e8d4530cd751119ecd3ba4580a4eeb9"},"potentialAction":[{"@type":"SearchAction","target":{"@type":"EntryPoint","urlTemplate":"https:\/\/likegirl.de\/altersbeschrankung-ab-welchem-alter\/?s={search_term_string}"},"query-input":{"@type":"PropertyValueSpecification","valueRequired":true,"valueName":"search_term_string"}}],"inLanguage":"de"},{"@type":["Person","Organization"],"@id":"https:\/\/likegirl.de\/altersbeschrankung-ab-welchem-alter\/#\/schema\/person\/9e8d4530cd751119ecd3ba4580a4eeb9","name":"demo","image":{"@type":"ImageObject","inLanguage":"de","@id":"https:\/\/secure.gravatar.com\/avatar\/31c8b45f71a87fb64ecde6684113619063c169c71ae006ca1c33626df1a90fd0?s=96&d=mm&r=g","url":"https:\/\/secure.gravatar.com\/avatar\/31c8b45f71a87fb64ecde6684113619063c169c71ae006ca1c33626df1a90fd0?s=96&d=mm&r=g","contentUrl":"https:\/\/secure.gravatar.com\/avatar\/31c8b45f71a87fb64ecde6684113619063c169c71ae006ca1c33626df1a90fd0?s=96&d=mm&r=g","caption":"demo"},"logo":{"@id":"https:\/\/secure.gravatar.com\/avatar\/31c8b45f71a87fb64ecde6684113619063c169c71ae006ca1c33626df1a90fd0?s=96&d=mm&r=g"}}]}},"_links":{"self":[{"href":"https:\/\/likegirl.de\/altersbeschrankung-ab-welchem-alter\/wp-json\/wp\/v2\/pages\/258","targetHints":{"allow":["GET"]}}],"collection":[{"href":"https:\/\/likegirl.de\/altersbeschrankung-ab-welchem-alter\/wp-json\/wp\/v2\/pages"}],"about":[{"href":"https:\/\/likegirl.de\/altersbeschrankung-ab-welchem-alter\/wp-json\/wp\/v2\/types\/page"}],"author":[{"embeddable":true,"href":"https:\/\/likegirl.de\/altersbeschrankung-ab-welchem-alter\/wp-json\/wp\/v2\/users\/1"}],"replies":[{"embeddable":true,"href":"https:\/\/likegirl.de\/altersbeschrankung-ab-welchem-alter\/wp-json\/wp\/v2\/comments?post=258"}],"version-history":[{"count":3,"href":"https:\/\/likegirl.de\/altersbeschrankung-ab-welchem-alter\/wp-json\/wp\/v2\/pages\/258\/revisions"}],"predecessor-version":[{"id":263,"href":"https:\/\/likegirl.de\/altersbeschrankung-ab-welchem-alter\/wp-json\/wp\/v2\/pages\/258\/revisions\/263"}],"wp:attachment":[{"href":"https:\/\/likegirl.de\/altersbeschrankung-ab-welchem-alter\/wp-json\/wp\/v2\/media?parent=258"}],"curies":[{"name":"wp","href":"https:\/\/api.w.org\/{rel}","templated":true}]}}