{"id":265,"date":"2020-05-03T14:46:34","date_gmt":"2020-05-03T12:46:34","guid":{"rendered":"https:\/\/likegirl.de\/altersbeschrankung-ab-welchem-alter\/?page_id=265"},"modified":"2021-04-04T18:04:21","modified_gmt":"2021-04-04T16:04:21","slug":"analspekulum-das-bdsm-zubehor-fur-tiefe-einblicke","status":"publish","type":"page","link":"https:\/\/likegirl.de\/altersbeschrankung-ab-welchem-alter\/analspekulum-das-bdsm-zubehor-fur-tiefe-einblicke\/","title":{"rendered":"Analspekulum, das BDSM Zubeh\u00f6r f\u00fcr tiefe Einblicke"},"content":{"rendered":"<p>[et_pb_section fb_built=&#8220;1&#8243; _builder_version=&#8220;4.4.5&#8243;][et_pb_row column_structure=&#8220;3_4,1_4&#8243; _builder_version=&#8220;4.4.5&#8243;][et_pb_column type=&#8220;3_4&#8243; _builder_version=&#8220;4.4.5&#8243;][et_pb_image src=&#8220;https:\/\/likegirl.de\/wp-content\/uploads\/2020\/05\/analspekulum.jpg&#8220; title_text=&#8220;analspekulum&#8220; _builder_version=&#8220;4.6.1&#8243; hover_enabled=&#8220;0&#8243; url_new_window=&#8220;on&#8220; url=&#8220;https:\/\/amzn.to\/3fGCTco&#8220; sticky_enabled=&#8220;0&#8243;][\/et_pb_image][\/et_pb_column][et_pb_column type=&#8220;1_4&#8243; _builder_version=&#8220;4.4.5&#8243;][et_pb_code _builder_version=&#8220;4.4.5&#8243;]<!-- Global site tag (gtag.js) - Google Analytics --><!-- [et_pb_line_break_holder] --><script src=\"https:\/\/www.googletagmanager.com\/gtag\/js?id=G-V7HZPGDCQS\" async=\"\"><\/script><!-- [et_pb_line_break_holder] --><script><!-- [et_pb_line_break_holder] -->  window.dataLayer = window.dataLayer || [];<!-- [et_pb_line_break_holder] -->  function gtag(){dataLayer.push(arguments);}<!-- [et_pb_line_break_holder] -->  gtag('js', new Date());<!-- [et_pb_line_break_holder] --><!-- [et_pb_line_break_holder] -->  gtag('config', 'G-V7HZPGDCQS');<!-- [et_pb_line_break_holder] --><\/script>[\/et_pb_code][\/et_pb_column][\/et_pb_row][et_pb_row column_structure=&#8220;3_4,1_4&#8243; _builder_version=&#8220;4.4.5&#8243;][et_pb_column type=&#8220;3_4&#8243; _builder_version=&#8220;4.4.5&#8243;][et_pb_text _builder_version=&#8220;4.4.5&#8243;]<\/p>\n<h3 style=\"text-align: center;\">Analspekulum, das BDSM Zubeh\u00f6r f\u00fcr tiefe Einblicke<\/h3>\n<h3 style=\"text-align: center;\">Hast Du schon mal was von einem Analspekulum geh\u00f6rt? Wenn Du Dich nicht gerade intensiv mit BDSM besch\u00e4ftigst, d\u00fcrfte der Begriff f\u00fcr Dich unbekannt sein. Analspekulum hei\u00dft w\u00f6rtlich \u00fcbersetzt Afterspiegel. Es Handelt sich um ein Instrument, mit dem der Anus gedehnt werden kann. Urspr\u00fcnglich wurde es in der Chirurgie eingesetzt, um bei Operationen, zum Beispiel beim Entfernen von H\u00e4morrhoiden, leichten Zugang zum After zu haben. Heute kannst Du ein Analspekulum auch online bestellen. In der BDSM Szene wird es als Werkzeug zur Sklavenerziehung benutzt. Es erf\u00fcllt gleich mehrere Funktionen. Du kannst es beispielsweise zur Bestrafung Deiner Sklavin benutzen, wenn sie wieder einmal Deine Befehle nicht befolgt hat. Zur selben Zeit erlaubt das Ger\u00e4t Dir, ihren Anus zu inspizieren. Du siehst genau, ob sie Deinen Anweisungen gefolgt ist und eine Analdusche benutzt hat oder nicht. Au\u00dferdem dehnt das Analspekulum den Anus und bereitet Deine Sklavin gut auf den Analverkehr vor.<\/h3>\n<h3 style=\"text-align: center;\">Wie funktioniert ein Analspekulum?<\/h3>\n<h3 style=\"text-align: center;\">Dabei handelt es sich um 2 oder 3 Bl\u00e4tter, die am oberen Ende spitz zulaufen, damit das Einf\u00fchren in den Anus erleichtert wird, Unten befindet sich ein Griff und eine Gewindeschraube, die als Abstandshalter dient. Wird an der Schraube gedreht, \u00f6ffnen sich die Bl\u00e4tter an der Spitze und spreizen dadurch den After auseinander. \u00c4hnliche Ger\u00e4te sind schon aus der Zeit der Antike bekannt. Damals wurden sie aber haupts\u00e4chlich f\u00fcr die Vagina eingesetzt und dienten gyn\u00e4kologischen Untersuchungen. Kleinere Ger\u00e4te \u00e4hnlicher Bauart werden zur Untersuchung der Nasen\u00f6ffnungen verwendet.<\/h3>\n<h3 style=\"text-align: center;\">Was sollte man beim Kauf beachten?<\/h3>\n<h3 style=\"text-align: center;\">Wenn Du an einem Analspekulum interessiert bist, solltest Du Dich f\u00fcr ein Qualit\u00e4tsprodukt entscheiden. Die besten Ger\u00e4te werden aus chirurgischen Edelstahl gefertigt. Sie sind zwar teurer als solche aus minderwertigen Material, daf\u00fcr halten sie aber auch l\u00e4nger. Nichts ist \u00e4rgerlicher als wenn das Analspekulum mitten in der Inspektion einfach zusammenklappt, weil es ausgeleiert ist. Achte beim Kauf auch auf die Verarbeitung. Ein gutes Spekulum darf keine scharfe Ecken und Kanten haben, weil dadurch innere Verletzungen entstehen k\u00f6nnen.<\/h3>\n<p>[\/et_pb_text][\/et_pb_column][et_pb_column type=&#8220;1_4&#8243; _builder_version=&#8220;4.4.5&#8243;][et_pb_code _builder_version=&#8220;4.6.1&#8243; hover_enabled=&#8220;0&#8243; sticky_enabled=&#8220;0&#8243;]<a href=\"https:\/\/www.amazon.de\/Spekulum-Graves-Gr%C3%B6sse-einstellbar-Polierter\/dp\/B0793YDDXK?pd_rd_i=B0793YDDXK&#038;psc=1&#038;linkCode=li3&#038;tag=dating-help.de-21&#038;linkId=fd9561b302e3aff9e5ba9a6fe4d68047&#038;language=de_DE&#038;ref_=as_li_ss_il\" target=\"_blank\" rel=\"noopener\"><img decoding=\"async\" border=\"0\" src=\"\/\/ws-eu.amazon-adsystem.com\/widgets\/q?_encoding=UTF8&#038;ASIN=B0793YDDXK&#038;Format=_SL250_&#038;ID=AsinImage&#038;MarketPlace=DE&#038;ServiceVersion=20070822&#038;WS=1&#038;tag=dating-help.de-21&#038;language=de_DE\" ><\/a><img loading=\"lazy\" decoding=\"async\" src=\"https:\/\/ir-de.amazon-adsystem.com\/e\/ir?t=dating-help.de-21&#038;language=de_DE&#038;l=li3&#038;o=3&#038;a=B0793YDDXK\" width=\"1\" height=\"1\" border=\"0\" alt=\"\" style=\"border:none !important; margin:0px !important;\" \/>[\/et_pb_code][et_pb_code _builder_version=&#8220;4.4.5&#8243;]<a href=\"https:\/\/www.amazon.de\/dp\/B00JNP46XA\/ref=as_li_ss_il?psc=1&#038;pd_rd_i=B00JNP46XA&#038;pd_rd_w=3aA1K&#038;pf_rd_p=d3e24f85-c2f2-4959-bef4-3acc5e4e81dc&#038;pd_rd_wg=j2tcq&#038;pf_rd_r=PV8CG7TXEKA5ZZKT8QE6&#038;pd_rd_r=4a9160c9-faa3-4e5b-b79d-912a2c37f4ed&#038;spLa=ZW5jcnlwdGVkUXVhbGlmaWVyPUExSDY1OTFMNDBTV0pEJmVuY3J5cHRlZElkPUEwNzUzOTk2MjJYRDRDSU1NTE84NSZlbmNyeXB0ZWRBZElkPUEwNTkyNTEzQzZDWDNSVDdSNUZZJndpZGdldE5hbWU9c3BfZGV0YWlsJmFjdGlvbj1jbGlja1JlZGlyZWN0JmRvTm90TG9nQ2xpY2s9dHJ1ZQ==&#038;linkCode=li3&#038;tag=dating-help.de-21&#038;linkId=9549b3ec83c589b2f0cba2e9f41f8d69&#038;language=de_DE\" target=\"_blank\" rel=\"noopener noreferrer\"><img decoding=\"async\" border=\"0\" src=\"\/\/ws-eu.amazon-adsystem.com\/widgets\/q?_encoding=UTF8&#038;ASIN=B00JNP46XA&#038;Format=_SL250_&#038;ID=AsinImage&#038;MarketPlace=DE&#038;ServiceVersion=20070822&#038;WS=1&#038;tag=dating-help.de-21&#038;language=de_DE\" ><\/a><img loading=\"lazy\" decoding=\"async\" src=\"https:\/\/ir-de.amazon-adsystem.com\/e\/ir?t=dating-help.de-21&#038;language=de_DE&#038;l=li3&#038;o=3&#038;a=B00JNP46XA\" width=\"1\" height=\"1\" border=\"0\" alt=\"\" style=\"border:none !important; margin:0px !important;\" \/>[\/et_pb_code][et_pb_code _builder_version=&#8220;4.4.5&#8243;]<a href=\"https:\/\/www.amazon.de\/Sakurai-Spekulum-BDSM-Dehnung-Speculum\/dp\/B07R6GJ6FK\/ref=as_li_ss_il?_encoding=UTF8&#038;pd_rd_i=B07R6GJ6FK&#038;pd_rd_r=a4c0d362-df57-4d94-aaa3-4a693eab95b6&#038;pd_rd_w=pf0xc&#038;pd_rd_wg=FhbDo&#038;pf_rd_p=de0644f2-6734-4f14-9e5e-56d462068f49&#038;pf_rd_r=8NVF2WAB50X94WX0BK5S&#038;psc=1&#038;refRID=8NVF2WAB50X94WX0BK5S&#038;linkCode=li3&#038;tag=dating-help.de-21&#038;linkId=efd9f72481fce5baf1393ae50b4ec007&#038;language=de_DE\" target=\"_blank\" rel=\"noopener noreferrer\"><img decoding=\"async\" border=\"0\" src=\"\/\/ws-eu.amazon-adsystem.com\/widgets\/q?_encoding=UTF8&#038;ASIN=B07R6GJ6FK&#038;Format=_SL250_&#038;ID=AsinImage&#038;MarketPlace=DE&#038;ServiceVersion=20070822&#038;WS=1&#038;tag=dating-help.de-21&#038;language=de_DE\" ><\/a><img loading=\"lazy\" decoding=\"async\" src=\"https:\/\/ir-de.amazon-adsystem.com\/e\/ir?t=dating-help.de-21&#038;language=de_DE&#038;l=li3&#038;o=3&#038;a=B07R6GJ6FK\" width=\"1\" height=\"1\" border=\"0\" alt=\"\" style=\"border:none !important; margin:0px !important;\" \/>[\/et_pb_code][\/et_pb_column][\/et_pb_row][et_pb_row column_structure=&#8220;3_4,1_4&#8243; _builder_version=&#8220;4.4.5&#8243;][et_pb_column type=&#8220;3_4&#8243; _builder_version=&#8220;4.4.5&#8243;][et_pb_text _builder_version=&#8220;4.4.5&#8243;]<\/p>\n<h3 style=\"text-align: center;\"><span style=\"text-decoration: underline;\">Tipps zur Nutzung und Reinigung eines Analspekulums<\/span><\/h3>\n<p>&nbsp;<\/p>\n<p>Bei der Benutzung des Spekulums solltest Du einige Dinge beachten. Wenn Du es Deinem Sklaven leichter machen willst, solltest Du das Ger\u00e4t anw\u00e4rmen, bevor Du es einf\u00fchrst. Das Einf\u00fchren wird erleichtert, indem Du das Analspekulum d\u00fcnn mit Gleitgel bestreichst. Nach jeder Verwendung empfiehlt es sich aus hygienischen Gr\u00fcnden, das Analspekulum gr\u00fcndlich zu reinigen. Hochwertige Ger\u00e4te aus chirurgischen Edelstahl k\u00f6nnen ohne Probleme mit kochendem Wasser sterilisiert werden. Wenn Du das Analspekulum anschlie\u00dfend polierst, macht es seinem deutschen Namen Afterspiegel alle Ehre.<\/p>\n<p><span style=\"text-decoration: underline;\"><\/span><\/p>\n<p>[\/et_pb_text][\/et_pb_column][et_pb_column type=&#8220;1_4&#8243; _builder_version=&#8220;4.4.5&#8243;][et_pb_code _builder_version=&#8220;4.4.5&#8243;]<a href=\"https:\/\/www.amazon.de\/Sexspielzeug-Klitorisstimulator-Analvibrator-Realistische-Vibrationsmodi\/dp\/B07VM6B51P\/ref=as_li_ss_il?_encoding=UTF8&#038;pd_rd_i=B07VM6B51P&#038;pd_rd_r=a0360ccc-d6b0-4d5f-9cd5-0e0c0d2b3469&#038;pd_rd_w=OS05N&#038;pd_rd_wg=Met4E&#038;pf_rd_p=de0644f2-6734-4f14-9e5e-56d462068f49&#038;pf_rd_r=8VBVATC34R86CER7EDNP&#038;psc=1&#038;refRID=8VBVATC34R86CER7EDNP&#038;linkCode=li3&#038;tag=dating-help.de-21&#038;linkId=7d2d0c06372e7e9ae1b1242ebe3dc534&#038;language=de_DE\" target=\"_blank\" rel=\"noopener noreferrer\"><img decoding=\"async\" border=\"0\" src=\"\/\/ws-eu.amazon-adsystem.com\/widgets\/q?_encoding=UTF8&#038;ASIN=B07VM6B51P&#038;Format=_SL250_&#038;ID=AsinImage&#038;MarketPlace=DE&#038;ServiceVersion=20070822&#038;WS=1&#038;tag=dating-help.de-21&#038;language=de_DE\" ><\/a><img loading=\"lazy\" decoding=\"async\" src=\"https:\/\/ir-de.amazon-adsystem.com\/e\/ir?t=dating-help.de-21&#038;language=de_DE&#038;l=li3&#038;o=3&#038;a=B07VM6B51P\" width=\"1\" height=\"1\" border=\"0\" alt=\"\" style=\"border:none !important; margin:0px !important;\" \/>[\/et_pb_code][\/et_pb_column][\/et_pb_row][\/et_pb_section]<\/p>\n","protected":false},"excerpt":{"rendered":"<p>Analspekulum, das BDSM Zubeh\u00f6r f\u00fcr tiefe Einblicke Hast Du schon mal was von einem Analspekulum geh\u00f6rt? Wenn Du Dich nicht gerade intensiv mit BDSM besch\u00e4ftigst, d\u00fcrfte der Begriff f\u00fcr Dich unbekannt sein. Analspekulum hei\u00dft w\u00f6rtlich \u00fcbersetzt Afterspiegel. Es Handelt sich um ein Instrument, mit dem der Anus gedehnt werden kann. Urspr\u00fcnglich wurde es in der [&hellip;]<\/p>\n","protected":false},"author":1,"featured_media":0,"parent":0,"menu_order":0,"comment_status":"closed","ping_status":"closed","template":"","meta":{"_et_pb_use_builder":"on","_et_pb_old_content":"","_et_gb_content_width":"","footnotes":""},"class_list":["post-265","page","type-page","status-publish","hentry"],"yoast_head":"<!-- This site is optimized with the Yoast SEO plugin v27.6 - https:\/\/yoast.com\/product\/yoast-seo-wordpress\/ -->\n<title>Analspekulum, das BDSM Zubeh\u00f6r f\u00fcr tiefe Einblicke - likegirl.de<\/title>\n<meta name=\"description\" content=\"Dating, Singleb\u00f6rse, Partnervermittlung, Seitensprung, Aff\u00e4ren, Flirt, likegirl.de Analspekulum, das BDSM Zubeh\u00f6r f\u00fcr tiefe Einblicke -\" \/>\n<meta name=\"robots\" content=\"index, follow, max-snippet:-1, max-image-preview:large, max-video-preview:-1\" \/>\n<link rel=\"canonical\" href=\"https:\/\/likegirl.de\/altersbeschrankung-ab-welchem-alter\/analspekulum-das-bdsm-zubehor-fur-tiefe-einblicke\/\" \/>\n<meta property=\"og:locale\" content=\"de_DE\" \/>\n<meta property=\"og:type\" content=\"article\" \/>\n<meta property=\"og:title\" content=\"Analspekulum, das BDSM Zubeh\u00f6r f\u00fcr tiefe Einblicke - likegirl.de\" \/>\n<meta property=\"og:description\" content=\"Dating, Singleb\u00f6rse, Partnervermittlung, Seitensprung, Aff\u00e4ren, Flirt, likegirl.de Analspekulum, das BDSM Zubeh\u00f6r f\u00fcr tiefe Einblicke -\" \/>\n<meta property=\"og:url\" content=\"https:\/\/likegirl.de\/altersbeschrankung-ab-welchem-alter\/analspekulum-das-bdsm-zubehor-fur-tiefe-einblicke\/\" \/>\n<meta property=\"og:site_name\" content=\"likegirl.de\" \/>\n<meta property=\"article:modified_time\" content=\"2021-04-04T16:04:21+00:00\" \/>\n<meta property=\"og:image\" content=\"\/\/ws-eu.amazon-adsystem.com\/widgets\/q?_encoding=UTF8&ASIN=B0793YDDXK&Format=_SL250_&ID=AsinImage&MarketPlace=DE&ServiceVersion=20070822&WS=1&tag=dating-help.de-21&language=de_DE\" \/>\n<meta name=\"twitter:card\" content=\"summary_large_image\" \/>\n<meta name=\"twitter:label1\" content=\"Gesch\u00e4tzte Lesezeit\" \/>\n\t<meta name=\"twitter:data1\" content=\"3\u00a0Minuten\" \/>\n<script type=\"application\/ld+json\" class=\"yoast-schema-graph\">{\"@context\":\"https:\\\/\\\/schema.org\",\"@graph\":[{\"@type\":\"WebPage\",\"@id\":\"https:\\\/\\\/likegirl.de\\\/altersbeschrankung-ab-welchem-alter\\\/analspekulum-das-bdsm-zubehor-fur-tiefe-einblicke\\\/\",\"url\":\"https:\\\/\\\/likegirl.de\\\/altersbeschrankung-ab-welchem-alter\\\/analspekulum-das-bdsm-zubehor-fur-tiefe-einblicke\\\/\",\"name\":\"Analspekulum, das BDSM Zubeh\u00f6r f\u00fcr tiefe Einblicke - likegirl.de\",\"isPartOf\":{\"@id\":\"https:\\\/\\\/likegirl.de\\\/altersbeschrankung-ab-welchem-alter\\\/#website\"},\"primaryImageOfPage\":{\"@id\":\"https:\\\/\\\/likegirl.de\\\/altersbeschrankung-ab-welchem-alter\\\/analspekulum-das-bdsm-zubehor-fur-tiefe-einblicke\\\/#primaryimage\"},\"image\":{\"@id\":\"https:\\\/\\\/likegirl.de\\\/altersbeschrankung-ab-welchem-alter\\\/analspekulum-das-bdsm-zubehor-fur-tiefe-einblicke\\\/#primaryimage\"},\"thumbnailUrl\":\"https:\\\/\\\/ir-de.amazon-adsystem.com\\\/e\\\/ir?t=dating-help.de-21&language=de_DE&l=li3&o=3&a=B0793YDDXK\",\"datePublished\":\"2020-05-03T12:46:34+00:00\",\"dateModified\":\"2021-04-04T16:04:21+00:00\",\"description\":\"Dating, Singleb\u00f6rse, Partnervermittlung, Seitensprung, Aff\u00e4ren, Flirt, likegirl.de Analspekulum, das BDSM Zubeh\u00f6r f\u00fcr tiefe Einblicke -\",\"breadcrumb\":{\"@id\":\"https:\\\/\\\/likegirl.de\\\/altersbeschrankung-ab-welchem-alter\\\/analspekulum-das-bdsm-zubehor-fur-tiefe-einblicke\\\/#breadcrumb\"},\"inLanguage\":\"de\",\"potentialAction\":[{\"@type\":\"ReadAction\",\"target\":[\"https:\\\/\\\/likegirl.de\\\/altersbeschrankung-ab-welchem-alter\\\/analspekulum-das-bdsm-zubehor-fur-tiefe-einblicke\\\/\"]}]},{\"@type\":\"ImageObject\",\"inLanguage\":\"de\",\"@id\":\"https:\\\/\\\/likegirl.de\\\/altersbeschrankung-ab-welchem-alter\\\/analspekulum-das-bdsm-zubehor-fur-tiefe-einblicke\\\/#primaryimage\",\"url\":\"https:\\\/\\\/ir-de.amazon-adsystem.com\\\/e\\\/ir?t=dating-help.de-21&language=de_DE&l=li3&o=3&a=B0793YDDXK\",\"contentUrl\":\"https:\\\/\\\/ir-de.amazon-adsystem.com\\\/e\\\/ir?t=dating-help.de-21&language=de_DE&l=li3&o=3&a=B0793YDDXK\"},{\"@type\":\"BreadcrumbList\",\"@id\":\"https:\\\/\\\/likegirl.de\\\/altersbeschrankung-ab-welchem-alter\\\/analspekulum-das-bdsm-zubehor-fur-tiefe-einblicke\\\/#breadcrumb\",\"itemListElement\":[{\"@type\":\"ListItem\",\"position\":1,\"name\":\"Startseite\",\"item\":\"https:\\\/\\\/likegirl.de\\\/altersbeschrankung-ab-welchem-alter\\\/\"},{\"@type\":\"ListItem\",\"position\":2,\"name\":\"Analspekulum, das BDSM Zubeh\u00f6r f\u00fcr tiefe Einblicke\"}]},{\"@type\":\"WebSite\",\"@id\":\"https:\\\/\\\/likegirl.de\\\/altersbeschrankung-ab-welchem-alter\\\/#website\",\"url\":\"https:\\\/\\\/likegirl.de\\\/altersbeschrankung-ab-welchem-alter\\\/\",\"name\":\"likegirl.de\",\"description\":\"\",\"publisher\":{\"@id\":\"https:\\\/\\\/likegirl.de\\\/altersbeschrankung-ab-welchem-alter\\\/#\\\/schema\\\/person\\\/9e8d4530cd751119ecd3ba4580a4eeb9\"},\"potentialAction\":[{\"@type\":\"SearchAction\",\"target\":{\"@type\":\"EntryPoint\",\"urlTemplate\":\"https:\\\/\\\/likegirl.de\\\/altersbeschrankung-ab-welchem-alter\\\/?s={search_term_string}\"},\"query-input\":{\"@type\":\"PropertyValueSpecification\",\"valueRequired\":true,\"valueName\":\"search_term_string\"}}],\"inLanguage\":\"de\"},{\"@type\":[\"Person\",\"Organization\"],\"@id\":\"https:\\\/\\\/likegirl.de\\\/altersbeschrankung-ab-welchem-alter\\\/#\\\/schema\\\/person\\\/9e8d4530cd751119ecd3ba4580a4eeb9\",\"name\":\"demo\",\"image\":{\"@type\":\"ImageObject\",\"inLanguage\":\"de\",\"@id\":\"https:\\\/\\\/secure.gravatar.com\\\/avatar\\\/31c8b45f71a87fb64ecde6684113619063c169c71ae006ca1c33626df1a90fd0?s=96&d=mm&r=g\",\"url\":\"https:\\\/\\\/secure.gravatar.com\\\/avatar\\\/31c8b45f71a87fb64ecde6684113619063c169c71ae006ca1c33626df1a90fd0?s=96&d=mm&r=g\",\"contentUrl\":\"https:\\\/\\\/secure.gravatar.com\\\/avatar\\\/31c8b45f71a87fb64ecde6684113619063c169c71ae006ca1c33626df1a90fd0?s=96&d=mm&r=g\",\"caption\":\"demo\"},\"logo\":{\"@id\":\"https:\\\/\\\/secure.gravatar.com\\\/avatar\\\/31c8b45f71a87fb64ecde6684113619063c169c71ae006ca1c33626df1a90fd0?s=96&d=mm&r=g\"}}]}<\/script>\n<!-- \/ Yoast SEO plugin. -->","yoast_head_json":{"title":"Analspekulum, das BDSM Zubeh\u00f6r f\u00fcr tiefe Einblicke - likegirl.de","description":"Dating, Singleb\u00f6rse, Partnervermittlung, Seitensprung, Aff\u00e4ren, Flirt, likegirl.de Analspekulum, das BDSM Zubeh\u00f6r f\u00fcr tiefe Einblicke -","robots":{"index":"index","follow":"follow","max-snippet":"max-snippet:-1","max-image-preview":"max-image-preview:large","max-video-preview":"max-video-preview:-1"},"canonical":"https:\/\/likegirl.de\/altersbeschrankung-ab-welchem-alter\/analspekulum-das-bdsm-zubehor-fur-tiefe-einblicke\/","og_locale":"de_DE","og_type":"article","og_title":"Analspekulum, das BDSM Zubeh\u00f6r f\u00fcr tiefe Einblicke - likegirl.de","og_description":"Dating, Singleb\u00f6rse, Partnervermittlung, Seitensprung, Aff\u00e4ren, Flirt, likegirl.de Analspekulum, das BDSM Zubeh\u00f6r f\u00fcr tiefe Einblicke -","og_url":"https:\/\/likegirl.de\/altersbeschrankung-ab-welchem-alter\/analspekulum-das-bdsm-zubehor-fur-tiefe-einblicke\/","og_site_name":"likegirl.de","article_modified_time":"2021-04-04T16:04:21+00:00","og_image":[{"url":"\/\/ws-eu.amazon-adsystem.com\/widgets\/q?_encoding=UTF8&ASIN=B0793YDDXK&Format=_SL250_&ID=AsinImage&MarketPlace=DE&ServiceVersion=20070822&WS=1&tag=dating-help.de-21&language=de_DE","type":"","width":"","height":""}],"twitter_card":"summary_large_image","twitter_misc":{"Gesch\u00e4tzte Lesezeit":"3\u00a0Minuten"},"schema":{"@context":"https:\/\/schema.org","@graph":[{"@type":"WebPage","@id":"https:\/\/likegirl.de\/altersbeschrankung-ab-welchem-alter\/analspekulum-das-bdsm-zubehor-fur-tiefe-einblicke\/","url":"https:\/\/likegirl.de\/altersbeschrankung-ab-welchem-alter\/analspekulum-das-bdsm-zubehor-fur-tiefe-einblicke\/","name":"Analspekulum, das BDSM Zubeh\u00f6r f\u00fcr tiefe Einblicke - likegirl.de","isPartOf":{"@id":"https:\/\/likegirl.de\/altersbeschrankung-ab-welchem-alter\/#website"},"primaryImageOfPage":{"@id":"https:\/\/likegirl.de\/altersbeschrankung-ab-welchem-alter\/analspekulum-das-bdsm-zubehor-fur-tiefe-einblicke\/#primaryimage"},"image":{"@id":"https:\/\/likegirl.de\/altersbeschrankung-ab-welchem-alter\/analspekulum-das-bdsm-zubehor-fur-tiefe-einblicke\/#primaryimage"},"thumbnailUrl":"https:\/\/ir-de.amazon-adsystem.com\/e\/ir?t=dating-help.de-21&language=de_DE&l=li3&o=3&a=B0793YDDXK","datePublished":"2020-05-03T12:46:34+00:00","dateModified":"2021-04-04T16:04:21+00:00","description":"Dating, Singleb\u00f6rse, Partnervermittlung, Seitensprung, Aff\u00e4ren, Flirt, likegirl.de Analspekulum, das BDSM Zubeh\u00f6r f\u00fcr tiefe Einblicke -","breadcrumb":{"@id":"https:\/\/likegirl.de\/altersbeschrankung-ab-welchem-alter\/analspekulum-das-bdsm-zubehor-fur-tiefe-einblicke\/#breadcrumb"},"inLanguage":"de","potentialAction":[{"@type":"ReadAction","target":["https:\/\/likegirl.de\/altersbeschrankung-ab-welchem-alter\/analspekulum-das-bdsm-zubehor-fur-tiefe-einblicke\/"]}]},{"@type":"ImageObject","inLanguage":"de","@id":"https:\/\/likegirl.de\/altersbeschrankung-ab-welchem-alter\/analspekulum-das-bdsm-zubehor-fur-tiefe-einblicke\/#primaryimage","url":"https:\/\/ir-de.amazon-adsystem.com\/e\/ir?t=dating-help.de-21&language=de_DE&l=li3&o=3&a=B0793YDDXK","contentUrl":"https:\/\/ir-de.amazon-adsystem.com\/e\/ir?t=dating-help.de-21&language=de_DE&l=li3&o=3&a=B0793YDDXK"},{"@type":"BreadcrumbList","@id":"https:\/\/likegirl.de\/altersbeschrankung-ab-welchem-alter\/analspekulum-das-bdsm-zubehor-fur-tiefe-einblicke\/#breadcrumb","itemListElement":[{"@type":"ListItem","position":1,"name":"Startseite","item":"https:\/\/likegirl.de\/altersbeschrankung-ab-welchem-alter\/"},{"@type":"ListItem","position":2,"name":"Analspekulum, das BDSM Zubeh\u00f6r f\u00fcr tiefe Einblicke"}]},{"@type":"WebSite","@id":"https:\/\/likegirl.de\/altersbeschrankung-ab-welchem-alter\/#website","url":"https:\/\/likegirl.de\/altersbeschrankung-ab-welchem-alter\/","name":"likegirl.de","description":"","publisher":{"@id":"https:\/\/likegirl.de\/altersbeschrankung-ab-welchem-alter\/#\/schema\/person\/9e8d4530cd751119ecd3ba4580a4eeb9"},"potentialAction":[{"@type":"SearchAction","target":{"@type":"EntryPoint","urlTemplate":"https:\/\/likegirl.de\/altersbeschrankung-ab-welchem-alter\/?s={search_term_string}"},"query-input":{"@type":"PropertyValueSpecification","valueRequired":true,"valueName":"search_term_string"}}],"inLanguage":"de"},{"@type":["Person","Organization"],"@id":"https:\/\/likegirl.de\/altersbeschrankung-ab-welchem-alter\/#\/schema\/person\/9e8d4530cd751119ecd3ba4580a4eeb9","name":"demo","image":{"@type":"ImageObject","inLanguage":"de","@id":"https:\/\/secure.gravatar.com\/avatar\/31c8b45f71a87fb64ecde6684113619063c169c71ae006ca1c33626df1a90fd0?s=96&d=mm&r=g","url":"https:\/\/secure.gravatar.com\/avatar\/31c8b45f71a87fb64ecde6684113619063c169c71ae006ca1c33626df1a90fd0?s=96&d=mm&r=g","contentUrl":"https:\/\/secure.gravatar.com\/avatar\/31c8b45f71a87fb64ecde6684113619063c169c71ae006ca1c33626df1a90fd0?s=96&d=mm&r=g","caption":"demo"},"logo":{"@id":"https:\/\/secure.gravatar.com\/avatar\/31c8b45f71a87fb64ecde6684113619063c169c71ae006ca1c33626df1a90fd0?s=96&d=mm&r=g"}}]}},"_links":{"self":[{"href":"https:\/\/likegirl.de\/altersbeschrankung-ab-welchem-alter\/wp-json\/wp\/v2\/pages\/265","targetHints":{"allow":["GET"]}}],"collection":[{"href":"https:\/\/likegirl.de\/altersbeschrankung-ab-welchem-alter\/wp-json\/wp\/v2\/pages"}],"about":[{"href":"https:\/\/likegirl.de\/altersbeschrankung-ab-welchem-alter\/wp-json\/wp\/v2\/types\/page"}],"author":[{"embeddable":true,"href":"https:\/\/likegirl.de\/altersbeschrankung-ab-welchem-alter\/wp-json\/wp\/v2\/users\/1"}],"replies":[{"embeddable":true,"href":"https:\/\/likegirl.de\/altersbeschrankung-ab-welchem-alter\/wp-json\/wp\/v2\/comments?post=265"}],"version-history":[{"count":3,"href":"https:\/\/likegirl.de\/altersbeschrankung-ab-welchem-alter\/wp-json\/wp\/v2\/pages\/265\/revisions"}],"predecessor-version":[{"id":291,"href":"https:\/\/likegirl.de\/altersbeschrankung-ab-welchem-alter\/wp-json\/wp\/v2\/pages\/265\/revisions\/291"}],"wp:attachment":[{"href":"https:\/\/likegirl.de\/altersbeschrankung-ab-welchem-alter\/wp-json\/wp\/v2\/media?parent=265"}],"curies":[{"name":"wp","href":"https:\/\/api.w.org\/{rel}","templated":true}]}}